{"id":191,"date":"2011-10-31T09:16:29","date_gmt":"2011-10-31T09:16:29","guid":{"rendered":"http:\/\/www.olvminor.nl\/?page_id=191"},"modified":"2021-09-11T21:34:03","modified_gmt":"2021-09-11T19:34:03","slug":"lid-worden","status":"publish","type":"page","link":"https:\/\/www.olvminor.nl\/?page_id=191","title":{"rendered":"Lid worden"},"content":{"rendered":"<p>Ben je ge\u00efnteresseerd in ori\u00ebnteringslopen en zou je dit zelf, of met een groepje, eens willen proberen? Dat kan. Kom dan gerust eerst eens een kijkje nemen bij een van onze wedstrijden. Wij geven graag uitleg en begeleiding wanneer je voor het eerst (gratis) aan een ori\u00ebnteringsloop\u00a0wilt deelnemen.\u00a0In diverse\u00a0wedstrijden worden ook vaak speciale routes gelegd voor beginners. Laat het ons weten en neem contact op met Dorine de Vries.<\/p>\n<p><img loading=\"lazy\" decoding=\"async\" class=\"alignnone size-full wp-image-2116\" src=\"https:\/\/www.olvminor.nl\/wp-content\/uploads\/Orienteering-Duo-1.jpg\" alt=\"\" width=\"2024\" height=\"1012\" srcset=\"https:\/\/www.olvminor.nl\/wp-content\/uploads\/Orienteering-Duo-1.jpg 2024w, https:\/\/www.olvminor.nl\/wp-content\/uploads\/Orienteering-Duo-1-300x150.jpg 300w, https:\/\/www.olvminor.nl\/wp-content\/uploads\/Orienteering-Duo-1-1024x512.jpg 1024w, https:\/\/www.olvminor.nl\/wp-content\/uploads\/Orienteering-Duo-1-768x384.jpg 768w, https:\/\/www.olvminor.nl\/wp-content\/uploads\/Orienteering-Duo-1-1536x768.jpg 1536w, https:\/\/www.olvminor.nl\/wp-content\/uploads\/Orienteering-Duo-1-540x270.jpg 540w, https:\/\/www.olvminor.nl\/wp-content\/uploads\/Orienteering-Duo-1-1080x540.jpg 1080w, https:\/\/www.olvminor.nl\/wp-content\/uploads\/Orienteering-Duo-1-1980x990.jpg 1980w\" sizes=\"auto, (max-width: 2024px) 100vw, 2024px\" \/><\/p>\n<h2>Aanmelden lidmaatschap<\/h2>\n<h3>Wat krijg je als lid van OLV MINOR?<\/h3>\n<ul>\n<li>Korting bij deelname aan wedstrijden door OLV MINOR<\/li>\n<li>Gratis\u00a0clubshirt\u00a0(bij eerste aansluiting)<\/li>\n<li>Gratis deelname aan een bepaald aantal wedstrijden waar het clubresultaat belangrijk is (NK Estafette, Interclub)<\/li>\n<li>Aansluiting bij Nederlandse Ori\u00ebnteringsLoop Bond<\/li>\n<\/ul>\n<div>\n<p>Daarnaast willen we als sociale club niet enkel de leden die beter willen worden in ori\u00ebnteringslopen zo goed mogelijk begeleiden, maar evengoed iedereen ondersteunen die op een recreatieve manier aan ori\u00ebnteringslopen willen doen.<\/p>\n<\/div>\n<p>Indien je besloten hebt lid te worden, download dan het <a title=\"Aanmeldingsformulier\" href=\"https:\/\/www.olvminor.nl\/wp-content\/uploads\/Aanmeldingsformulier_NL.doc\" target=\"_blank\" rel=\"noopener\">aanmeldingsformulier<\/a>\u00a0<em>(DOC)<\/em> (<a title=\"Entry form\" href=\"https:\/\/www.olvminor.nl\/wp-content\/uploads\/Entryform_EN.doc\" target=\"_blank\" rel=\"noopener\">Entry form English<\/a>\u00a0<em>(DOC)<\/em>)\u00a0en stuur dit aan Dorine de Vries-Sala.<\/p>\n<p>Dorine de Vries-Sala<br \/>Wim Helderlaan 43<br \/>7334 CR Apeldoorn<\/p>\n<p>secretaris@olvminor.nl<\/p>\n\n\n<h3 class=\"wp-block-heading\">Contributie<\/h3>\n\n\n\n<p>Als contributie gelden de volgende bedragen:<\/p>\n\n\n\n<p><strong>Jeugd t\/m 17 jaar&nbsp;&nbsp;&nbsp;&nbsp;&nbsp;&nbsp;&nbsp;&nbsp;&nbsp;&nbsp;&nbsp;&nbsp;&nbsp;&nbsp;&nbsp;&nbsp; <\/strong><br>EUR 14,00 per jaar<br><strong>Vanaf 18 jaar&nbsp;&nbsp;&nbsp;&nbsp;&nbsp;&nbsp;&nbsp;&nbsp;&nbsp;&nbsp;&nbsp;&nbsp;&nbsp;&nbsp;&nbsp;&nbsp;&nbsp;&nbsp;&nbsp;&nbsp;&nbsp;&nbsp;&nbsp;<\/strong><br>EUR 23,50 per jaar<br><strong>Gezin of overeenkomstig&nbsp;&nbsp;&nbsp;&nbsp;&nbsp;&nbsp;&nbsp;&nbsp;&nbsp;&nbsp;&nbsp;&nbsp;&nbsp;&nbsp;&nbsp;&nbsp;&nbsp;&nbsp; <\/strong><br>EUR 42,00 per jaar (2 personen op \u00e9\u00e9n adres)<br>EUR 44,50 per jaar (3 personen of meer op \u00e9\u00e9n adres)<\/p>\n\n\n\n<h2 class=\"wp-block-heading\">Opzeggen lidmaatschap<\/h2>\n\n\n\n<p>Opzeggen van het lidmaatschap kan uitsluitend schriftelijk of per e-mail bij de Dorine de Vries, 1 maand voor het einde van het jaar.<\/p>\n","protected":false},"excerpt":{"rendered":"<p>Ben je ge\u00efnteresseerd in ori\u00ebnteringslopen en zou je dit zelf, of met een groepje, eens willen proberen? Dat kan. Kom dan gerust eerst eens een kijkje nemen bij&hellip;<\/p>\n","protected":false},"author":1,"featured_media":0,"parent":0,"menu_order":0,"comment_status":"closed","ping_status":"open","template":"","meta":{"_coblocks_attr":"","_coblocks_dimensions":"","_coblocks_responsive_height":"","_coblocks_accordion_ie_support":"","footnotes":""},"class_list":["post-191","page","type-page","status-publish","has-post-thumbnail","hentry"],"_links":{"self":[{"href":"https:\/\/www.olvminor.nl\/index.php?rest_route=\/wp\/v2\/pages\/191","targetHints":{"allow":["GET"]}}],"collection":[{"href":"https:\/\/www.olvminor.nl\/index.php?rest_route=\/wp\/v2\/pages"}],"about":[{"href":"https:\/\/www.olvminor.nl\/index.php?rest_route=\/wp\/v2\/types\/page"}],"author":[{"embeddable":true,"href":"https:\/\/www.olvminor.nl\/index.php?rest_route=\/wp\/v2\/users\/1"}],"replies":[{"embeddable":true,"href":"https:\/\/www.olvminor.nl\/index.php?rest_route=%2Fwp%2Fv2%2Fcomments&post=191"}],"version-history":[{"count":18,"href":"https:\/\/www.olvminor.nl\/index.php?rest_route=\/wp\/v2\/pages\/191\/revisions"}],"predecessor-version":[{"id":2188,"href":"https:\/\/www.olvminor.nl\/index.php?rest_route=\/wp\/v2\/pages\/191\/revisions\/2188"}],"wp:attachment":[{"href":"https:\/\/www.olvminor.nl\/index.php?rest_route=%2Fwp%2Fv2%2Fmedia&parent=191"}],"curies":[{"name":"wp","href":"https:\/\/api.w.org\/{rel}","templated":true}]}}